{"id":7,"date":"2021-09-13T20:30:13","date_gmt":"2021-09-13T20:30:13","guid":{"rendered":"https:\/\/studiof11.de\/?page_id=7"},"modified":"2022-09-16T14:23:30","modified_gmt":"2022-09-16T14:23:30","slug":"create-your-website-with-blocks","status":"publish","type":"page","link":"https:\/\/studiof11.de\/","title":{"rendered":"Solarenergie f\u00fcr K\u00f6ln"},"content":{"rendered":"<div class='flex_column av-6xej-3359343ca16062b95a4fc2515bfaffbd av_one_full  avia-builder-el-0  el_before_av_two_third  avia-builder-el-first  first flex_column_div '   ><style type=\"text\/css\" data-created_by=\"avia_inline_auto\" id=\"style-css-av-l4l23a1l-61c34c735ed9b00cc785e11a5fbe8aa5\">\n.avia-image-container.av-l4l23a1l-61c34c735ed9b00cc785e11a5fbe8aa5 .av-image-caption-overlay-center{\ncolor:#ffffff;\n}\n<\/style>\n<div  class='avia-image-container av-l4l23a1l-61c34c735ed9b00cc785e11a5fbe8aa5 av-styling- avia-align-center  avia-builder-el-1  avia-builder-el-no-sibling '  itemprop=\"image\" itemscope=\"itemscope\" itemtype=\"https:\/\/schema.org\/ImageObject\" ><div class=\"avia-image-container-inner\"><div class=\"avia-image-overlay-wrap\"><img decoding=\"async\" class='wp-image-317 avia-img-lazy-loading-not-317 avia_image' src=\"https:\/\/studiof11.de\/wp-content\/uploads\/2022\/06\/hohenzollernbruecke-2-150.jpg\" alt='' title='hohenzollernbr\u00fccke 2 150'  height=\"200\" width=\"1200\"  itemprop=\"thumbnailUrl\" srcset=\"https:\/\/studiof11.de\/wp-content\/uploads\/2022\/06\/hohenzollernbruecke-2-150.jpg 1200w, https:\/\/studiof11.de\/wp-content\/uploads\/2022\/06\/hohenzollernbruecke-2-150-300x50.jpg 300w, https:\/\/studiof11.de\/wp-content\/uploads\/2022\/06\/hohenzollernbruecke-2-150-1030x172.jpg 1030w, https:\/\/studiof11.de\/wp-content\/uploads\/2022\/06\/hohenzollernbruecke-2-150-768x128.jpg 768w, https:\/\/studiof11.de\/wp-content\/uploads\/2022\/06\/hohenzollernbruecke-2-150-705x118.jpg 705w\" sizes=\"(max-width: 1200px) 100vw, 1200px\" \/><\/div><\/div><\/div><\/div>\n<div class='flex_column av-53qx-953a60bad89f347cdec410c58aaaa29c av_two_third  avia-builder-el-2  el_after_av_one_full  el_before_av_one_third  first flex_column_div column-top-margin'   ><section  class='av_textblock_section av-l4461bkc-df736d11c228a6da42a1ded3cdc3304b'  itemscope=\"itemscope\" itemtype=\"https:\/\/schema.org\/CreativeWork\" ><div class='avia_textblock'  itemprop=\"text\" ><h5>F\u00fcr die Energiewende brauchen wir auf jedem Dach und jedem Balkon Photovoltaik<\/h5>\n<h5><strong>Unser Konzept<\/strong> ist:<\/h5>\n<p>Mitmachen, Selbermachen und wir Unterst\u00fctzen euch dabei. Mit uns habt Ihr einen kompetenten Ansprechpartner zur Seite. Nat\u00fcrlich k\u00f6nnt Ihr eure Solaranlage auch komplett von uns realisiert bekommen.<\/p>\n<p>Die Ressource Fachhandwerker ob Dachdecker, Solateur oder Elektriker sind rar. Wir m\u00f6chten euch in die Lage versetzen, so viel wie m\u00f6glich selber zu machen. Wir bieten ein Team von erfahrenen Fachhandwerkern (Planer, Dachdecker, Solateur, Elektroinstallateure und Heizungsbauer).<\/p>\n<p><span style=\"font-weight: 600;\">Budget<\/span><\/p>\n<p>Ein Balkonkraftwerk mit einem Modul gibt es f\u00fcr ca. 230,- \u20ac dazu ein Wechselrichter f\u00fcr ca. 320,- \u20ac \u00a0und die sichere Befestigung f\u00fcr ca. 90,- \u20ac. Wird wie ein Toaster einfach in die Steckdose gesteckt. F\u00fcr mehr Unabh\u00e4ngigkeit vom Netzbetreiber ist eine gr\u00f6\u00dfere Anlage erforderlich. Hier braucht es eine ausf\u00fchrliche Planung. Eine Solaranlage mit 10 kWp und Speicher kostet von\u00a010.000 \u20ac bis 25.000 \u20ac. Wir favorisieren made\u00a0in Germany.<\/p>\n<h5>Gewinn<\/h5>\n<p>1.\u00a0Jeder eingespeiste\u00a0Sonnentag\u00a0landet direkt auf deinem Konto.<br \/>\n2. Jede Tonne CO2, die Du einsparst, ist ein Gewinn f\u00fcr unsere Umwelt.<br \/>\n3. Eine Rendite auf die Laufzeit betr\u00e4gt ca. 3-5% ohne die Inflation gerechnet.<br \/>\n4. Die Zeit der Amortisation hat sich durch den Krieg stark verk\u00fcrzt und in 5-10 Jahren hat sich die Investititon abbezahlt und fortan kommt der Strom kostenfrei vom Dach ins Haus.<br \/>\n4. Solarenergie ist eine Investition in die Zukunft und schafft mehr Bewusstsein und Spa\u00df beim Energiesparen.<br \/>\n5. Ein Solarmodul liefert ca. 25 Jahre den Strom in die Steckdose an jedem Sonnentag.<\/p>\n<h5>F\u00f6rderungen<\/h5>\n<ul>\n<li>Die Stadt K\u00f6ln f\u00f6rdert:<br \/>\nSteckersolaranlagen \/ Balkonsolar mit bis zu 200,- \u20ac (siehe Balkonsolar Seite)<\/li>\n<li>Gr\u00f6\u00dfere Photovoltaikanlagen bis zu 30 kWp mit 250,- \u20ac und mit Dachbegr\u00fcnung +50,- \u20ac extra pro kWp.<\/li>\n<li>Dachbegr\u00fcnungen werden auch bis zu 50% von der Stadt gef\u00f6rdert, auch in Kombination mit PV Anlagen.<\/li>\n<\/ul>\n<h5>Platz f\u00fcr die Module<\/h5>\n<p>Jeder sonnige Platz z\u00e4hlt, doch das Thema ist komplex. Wir versuchen dir alle n\u00fctzlichen Informationen bereitzustellen und dich so zu beraten, dass du deine optimale L\u00f6sung findest. Ausrechnen kann man den zu erwartenden Stromertrag bei <a href=\"https:\/\/re.jrc.ec.europa.eu\/pvg_tools\/en\/#api_5.1\" target=\"_blank\" rel=\"noopener\">PVGIS<\/a> einem Portal der EU.<\/p>\n<p>Garagendach, Flachdach oder Giebeldach. Selbst ein kleiner Schuppen bietet Platz f\u00fcr ein oder zwei Solarmodule.<\/p>\n<p>Je nach Produkten k\u00f6nnen die Anlagen auch wachsen. Man f\u00e4ngt mit dem jetzt \u00fcberschaubaren Budget an. Erweitert dann mit den E-Auto oder der W\u00e4rmepumpe, je nach Bedarf und Platz die PV-Anlage.<\/p>\n<p>Wieviel und welche Module sinnvoll sind, h\u00e4ngt von verschiedenen Faktoren ab:<br \/>\nFlachdach oder Giebel ?<br \/>\nWelche Ausrichtung liegt vor (Ost, West, S\u00fcd)?<br \/>\nGibt es Verschattungen durch Gauben, \u00a0B\u00e4ume oder Geb\u00e4ude?<br \/>\nSenden Sie uns Fotos von Ihrem Geb\u00e4ude und wir sprechen dar\u00fcber.<\/p>\n<p>r.biallas@studiof11.de<\/p>\n<h5>Der Stomverbrauch<\/h5>\n<p>Folgende Fragen helfen bei der Planung:<br \/>\nKennen Sie Ihren Jahresverbrauch?<br \/>\nIst ein E-Auto geplant ?<br \/>\nLeben Kinder im Haushalt und wie alt sind sie?<br \/>\nWie wird Warmwasser geheizt?<br \/>\nIst eine Heizungsunterst\u00fctzung mit W\u00e4rmepumpe geplant?<\/p>\n<h5>Nur wer fragt, gewinnt!<\/h5>\n<p>F\u00fcr die Kl\u00e4rung aller weiteren Fragen, rufen Sie uns gerne an.\u00a0Wir freuen uns sehr darauf gemeinsam mit Ihnen Ihr individuelles Solaranlagenprojekt zu realisieren.<\/p>\n<\/div><\/section><\/div><div class='flex_column av-3kw7-683ac7113d92ac6fd23a47a558a896e0 av_one_third  avia-builder-el-4  el_after_av_two_third  avia-builder-el-last  flex_column_div column-top-margin'   ><p>\n<style type=\"text\/css\" data-created_by=\"avia_inline_auto\" id=\"style-css-av-l4l27bt7-b0c659a58c536f0f7a4f41d5ddbc8066\">\n.avia-image-container.av-l4l27bt7-b0c659a58c536f0f7a4f41d5ddbc8066 .av-image-caption-overlay-center{\ncolor:#ffffff;\n}\n<\/style>\n<div  class='avia-image-container av-l4l27bt7-b0c659a58c536f0f7a4f41d5ddbc8066 av-styling- avia-align-center  avia-builder-el-5  el_before_av_textblock  avia-builder-el-first '  itemprop=\"image\" itemscope=\"itemscope\" itemtype=\"https:\/\/schema.org\/ImageObject\" ><div class=\"avia-image-container-inner\"><div class=\"avia-image-overlay-wrap\"><img decoding=\"async\" class='wp-image-328 avia-img-lazy-loading-not-328 avia_image' src=\"https:\/\/studiof11.de\/wp-content\/uploads\/2022\/06\/IMG_7234-2-1030x773.jpeg\" alt='' title='IMG_7234 2'  height=\"773\" width=\"1030\"  itemprop=\"thumbnailUrl\" srcset=\"https:\/\/studiof11.de\/wp-content\/uploads\/2022\/06\/IMG_7234-2-1030x773.jpeg 1030w, https:\/\/studiof11.de\/wp-content\/uploads\/2022\/06\/IMG_7234-2-300x225.jpeg 300w, https:\/\/studiof11.de\/wp-content\/uploads\/2022\/06\/IMG_7234-2-768x576.jpeg 768w, https:\/\/studiof11.de\/wp-content\/uploads\/2022\/06\/IMG_7234-2-1536x1152.jpeg 1536w, https:\/\/studiof11.de\/wp-content\/uploads\/2022\/06\/IMG_7234-2-2048x1536.jpeg 2048w, https:\/\/studiof11.de\/wp-content\/uploads\/2022\/06\/IMG_7234-2-1500x1125.jpeg 1500w, https:\/\/studiof11.de\/wp-content\/uploads\/2022\/06\/IMG_7234-2-705x529.jpeg 705w\" sizes=\"(max-width: 1030px) 100vw, 1030px\" \/><\/div><\/div><\/div><br \/>\n<section  class='av_textblock_section av-l4l297ug-a7c6d4b01fbd9398f99f1a3276a54ab1'  itemscope=\"itemscope\" itemtype=\"https:\/\/schema.org\/CreativeWork\" ><div class='avia_textblock'  itemprop=\"text\" ><p>2 Balkonsolaranlagen, 2 Module senkrecht und ein Balkon mit einem Modul angewinkelt.<\/p>\n<\/div><\/section><br \/>\n\n<style type=\"text\/css\" data-created_by=\"avia_inline_auto\" id=\"style-css-av-l4l2cfqk-302121253989cc2f09827410839097d6\">\n.avia-image-container.av-l4l2cfqk-302121253989cc2f09827410839097d6 .av-image-caption-overlay-center{\ncolor:#ffffff;\n}\n<\/style>\n<div  class='avia-image-container av-l4l2cfqk-302121253989cc2f09827410839097d6 av-styling- avia-align-center  avia-builder-el-7  el_after_av_textblock  el_before_av_textblock '  itemprop=\"image\" itemscope=\"itemscope\" itemtype=\"https:\/\/schema.org\/ImageObject\" ><div class=\"avia-image-container-inner\"><div class=\"avia-image-overlay-wrap\"><img decoding=\"async\" class='wp-image-346 avia-img-lazy-loading-not-346 avia_image' src=\"https:\/\/studiof11.de\/wp-content\/uploads\/2022\/06\/IMG_7237-1-1030x773.jpeg\" alt='' title='IMG_7237'  height=\"773\" width=\"1030\"  itemprop=\"thumbnailUrl\" srcset=\"https:\/\/studiof11.de\/wp-content\/uploads\/2022\/06\/IMG_7237-1-1030x773.jpeg 1030w, https:\/\/studiof11.de\/wp-content\/uploads\/2022\/06\/IMG_7237-1-300x225.jpeg 300w, https:\/\/studiof11.de\/wp-content\/uploads\/2022\/06\/IMG_7237-1-768x576.jpeg 768w, https:\/\/studiof11.de\/wp-content\/uploads\/2022\/06\/IMG_7237-1-1536x1152.jpeg 1536w, https:\/\/studiof11.de\/wp-content\/uploads\/2022\/06\/IMG_7237-1-2048x1536.jpeg 2048w, https:\/\/studiof11.de\/wp-content\/uploads\/2022\/06\/IMG_7237-1-1500x1125.jpeg 1500w, https:\/\/studiof11.de\/wp-content\/uploads\/2022\/06\/IMG_7237-1-705x529.jpeg 705w\" sizes=\"(max-width: 1030px) 100vw, 1030px\" \/><\/div><\/div><\/div><br \/>\n<section  class='av_textblock_section av-l53p6gdh-7330ab99bc7c906044c8dca1ed295c19'  itemscope=\"itemscope\" itemtype=\"https:\/\/schema.org\/CreativeWork\" ><div class='avia_textblock'  itemprop=\"text\" ><h5>Aufdachsolaranlagen<\/h5>\n<p>Eine kWh ist schon ab ca. 12-14 Cent in der Eigenproduktion zu bekommen und das \u00fcber ca. 25 Jahren zum Festpreis. So rechnen sich die meistern Anlagen schon nach 5-10 Jahren.<\/p>\n<\/div><\/section><br \/>\n\n<style type=\"text\/css\" data-created_by=\"avia_inline_auto\" id=\"style-css-av-l53p73mk-c42ecbf13ef13e4fa87ba08d17d91260\">\n.avia-image-container.av-l53p73mk-c42ecbf13ef13e4fa87ba08d17d91260 .av-image-caption-overlay-center{\ncolor:#ffffff;\n}\n<\/style>\n<div  class='avia-image-container av-l53p73mk-c42ecbf13ef13e4fa87ba08d17d91260 av-styling- avia-align-center  avia-builder-el-9  el_after_av_textblock  el_before_av_textblock '  itemprop=\"image\" itemscope=\"itemscope\" itemtype=\"https:\/\/schema.org\/ImageObject\" ><div class=\"avia-image-container-inner\"><div class=\"avia-image-overlay-wrap\"><img decoding=\"async\" class='wp-image-332 avia-img-lazy-loading-not-332 avia_image' src=\"https:\/\/studiof11.de\/wp-content\/uploads\/2022\/06\/IMG_7168-2-300x225.jpeg\" alt='' title='IMG_7168 2'  height=\"225\" width=\"300\"  itemprop=\"thumbnailUrl\" srcset=\"https:\/\/studiof11.de\/wp-content\/uploads\/2022\/06\/IMG_7168-2-300x225.jpeg 300w, https:\/\/studiof11.de\/wp-content\/uploads\/2022\/06\/IMG_7168-2-1030x773.jpeg 1030w, https:\/\/studiof11.de\/wp-content\/uploads\/2022\/06\/IMG_7168-2-768x576.jpeg 768w, https:\/\/studiof11.de\/wp-content\/uploads\/2022\/06\/IMG_7168-2-1536x1152.jpeg 1536w, https:\/\/studiof11.de\/wp-content\/uploads\/2022\/06\/IMG_7168-2-2048x1536.jpeg 2048w, https:\/\/studiof11.de\/wp-content\/uploads\/2022\/06\/IMG_7168-2-1500x1125.jpeg 1500w, https:\/\/studiof11.de\/wp-content\/uploads\/2022\/06\/IMG_7168-2-705x529.jpeg 705w\" sizes=\"(max-width: 300px) 100vw, 300px\" \/><\/div><\/div><\/div><br \/>\n<section  class='av_textblock_section av-l53nz8nc-c8c309a5e126504cab2fe0e48e14ce0d'  itemscope=\"itemscope\" itemtype=\"https:\/\/schema.org\/CreativeWork\" ><div class='avia_textblock'  itemprop=\"text\" ><h5>Solarsaison<\/h5>\n<p>Ab Mitte Februar bis Juni steigt der Ertrag und ab September sinkt er wieder.<br \/>\nEs gibt also Zeiten des \u00dcberschusses und Zeiten der Knappheit.<br \/>\nEine ausgewogene Dimensionierung entscheidet \u00fcber den Grad der Freiheit vom Netzbetreiber.<\/p>\n<\/div><\/section><br \/>\n<section  class='av_textblock_section av-l4lvqznn-a16361c567708fd5c6b144e91512e191'  itemscope=\"itemscope\" itemtype=\"https:\/\/schema.org\/CreativeWork\" ><div class='avia_textblock'  itemprop=\"text\" ><h5>Ertragsprognose vom PVGis<\/h5>\n<p>Hier als Beispiel meine Ertragsprognose f\u00fcr eine 7 kWp Anlage \u00fcber das ganze Jahr verteilt.<\/p>\n<\/div><\/section><br \/>\n\n<style type=\"text\/css\" data-created_by=\"avia_inline_auto\" id=\"style-css-av-l4lvow62-bf16ebeaa40baab4dcf4d8825909b41b\">\n.avia-image-container.av-l4lvow62-bf16ebeaa40baab4dcf4d8825909b41b .av-image-caption-overlay-center{\ncolor:#ffffff;\n}\n<\/style>\n<div  class='avia-image-container av-l4lvow62-bf16ebeaa40baab4dcf4d8825909b41b av-styling- avia-align-center  avia-builder-el-12  el_after_av_textblock  avia-builder-el-last '  itemprop=\"image\" itemscope=\"itemscope\" itemtype=\"https:\/\/schema.org\/ImageObject\" ><div class=\"avia-image-container-inner\"><div class=\"avia-image-overlay-wrap\"><img decoding=\"async\" class='wp-image-371 avia-img-lazy-loading-not-371 avia_image' src=\"https:\/\/studiof11.de\/wp-content\/uploads\/2022\/06\/Bildschirmfoto-2022-06-20-um-00.25.29-1030x404.png\" alt='' title='Bildschirmfoto 2022-06-20 um 00.25.29'  height=\"404\" width=\"1030\"  itemprop=\"thumbnailUrl\" srcset=\"https:\/\/studiof11.de\/wp-content\/uploads\/2022\/06\/Bildschirmfoto-2022-06-20-um-00.25.29-1030x404.png 1030w, https:\/\/studiof11.de\/wp-content\/uploads\/2022\/06\/Bildschirmfoto-2022-06-20-um-00.25.29-300x118.png 300w, https:\/\/studiof11.de\/wp-content\/uploads\/2022\/06\/Bildschirmfoto-2022-06-20-um-00.25.29-768x301.png 768w, https:\/\/studiof11.de\/wp-content\/uploads\/2022\/06\/Bildschirmfoto-2022-06-20-um-00.25.29-1536x602.png 1536w, https:\/\/studiof11.de\/wp-content\/uploads\/2022\/06\/Bildschirmfoto-2022-06-20-um-00.25.29-2048x802.png 2048w, https:\/\/studiof11.de\/wp-content\/uploads\/2022\/06\/Bildschirmfoto-2022-06-20-um-00.25.29-1500x588.png 1500w, https:\/\/studiof11.de\/wp-content\/uploads\/2022\/06\/Bildschirmfoto-2022-06-20-um-00.25.29-705x276.png 705w\" sizes=\"(max-width: 1030px) 100vw, 1030px\" \/><\/div><\/div><\/div><\/p><\/div><\/p>\n","protected":false},"excerpt":{"rendered":"","protected":false},"author":1,"featured_media":0,"parent":0,"menu_order":0,"comment_status":"closed","ping_status":"closed","template":"","meta":{"footnotes":""},"class_list":["post-7","page","type-page","status-publish","hentry"],"_links":{"self":[{"href":"https:\/\/studiof11.de\/index.php\/wp-json\/wp\/v2\/pages\/7","targetHints":{"allow":["GET"]}}],"collection":[{"href":"https:\/\/studiof11.de\/index.php\/wp-json\/wp\/v2\/pages"}],"about":[{"href":"https:\/\/studiof11.de\/index.php\/wp-json\/wp\/v2\/types\/page"}],"author":[{"embeddable":true,"href":"https:\/\/studiof11.de\/index.php\/wp-json\/wp\/v2\/users\/1"}],"replies":[{"embeddable":true,"href":"https:\/\/studiof11.de\/index.php\/wp-json\/wp\/v2\/comments?post=7"}],"version-history":[{"count":87,"href":"https:\/\/studiof11.de\/index.php\/wp-json\/wp\/v2\/pages\/7\/revisions"}],"predecessor-version":[{"id":489,"href":"https:\/\/studiof11.de\/index.php\/wp-json\/wp\/v2\/pages\/7\/revisions\/489"}],"wp:attachment":[{"href":"https:\/\/studiof11.de\/index.php\/wp-json\/wp\/v2\/media?parent=7"}],"curies":[{"name":"wp","href":"https:\/\/api.w.org\/{rel}","templated":true}]}}