{"id":500,"date":"2022-10-17T13:33:26","date_gmt":"2022-10-17T13:33:26","guid":{"rendered":"https:\/\/studiof11.de\/?page_id=500"},"modified":"2022-10-18T10:44:44","modified_gmt":"2022-10-18T10:44:44","slug":"der-zaehlerschrank","status":"publish","type":"page","link":"https:\/\/studiof11.de\/index.php\/der-zaehlerschrank\/","title":{"rendered":"Z\u00e4hlerschrank"},"content":{"rendered":"<div class='flex_column av-lki38-d02070703ca699ebef3155592ba1aa6f av_two_third  avia-builder-el-0  el_before_av_one_third  avia-builder-el-first  first flex_column_div '   ><section  class='av_textblock_section av-l9ctb77r-4421e2f275372f609832fd5b394f1636'  itemscope=\"itemscope\" itemtype=\"https:\/\/schema.org\/CreativeWork\" ><div class='avia_textblock'  itemprop=\"text\" ><h4><strong>Z\u00e4hlerschrank f\u00fcr Photovoltaik muss den aktuellen Anforderungen gen\u00fcgen<\/strong>.<\/h4>\n<p><strong>Allgemeine Montagevorschriften f\u00fcr Z\u00e4hlerschr\u00e4nke.<br \/>\n<\/strong>Auf einer Mindesth\u00f6he von 1,10 m bis max 1,80 m (wartungs und bedienerfreundlich). Das Z\u00e4hlerfenster \u00a0muss min. 0,80 m bis max. 1,80 m betragen.Der Z\u00e4hlerschrank darf nicht unterhalb von Gas oder Wasserleitungen verbaut werden. Vor dem Z\u00e4hlerschrank muss ausreichend Platz f\u00fcr Wartungsarbeiten vorhanden sein.<\/p>\n<p>Bestehend aus folgenden Feldern:<\/p>\n<p><strong>AAR oder OAR\u00a0<\/strong>Anschlusseitiger Anschlussraum<\/p>\n<p>Ma\u00dfe 300 mm hoch. \u00a0Raum f\u00fcr: Hauptleitungsabzweigklemmen (HLAK) oder Hauptschalter, Freigaberelais, FI-Schutzeinrichtungen, SLS\/LS-Schalter und Kombinationen dieser beiden Ger\u00e4te (z. B. FI\/LS), \u00dcberspannungsschutz (SPD), HANSchnittstellen,<\/p>\n<p>Bei Bestandsschr\u00e4nken ist zwingend erforderlich den Netzbetreiber f\u00fcr Ausnahmen zu kontaktieren.<\/p>\n<p><strong>Z\u00e4hlerfeld\u00a0<\/strong>\u00a0muss 450 mm hoch sein. 300 mm stehen f\u00fcr die Aufnahme der Messeinrichtung (eHz) zur Verf\u00fcgung. (Bei Anlagen gr\u00f6\u00dfer 25 kWp muss ein zus\u00e4tzlicher Z\u00e4hlerplatz f\u00fcr einen Funkrundsteuerempf\u00e4nger (FRE) eingeplant werden.)<\/p>\n<p><strong>RfZ <\/strong>Platz f\u00fcr Zusatzanwendungen<\/p>\n<section class=\"elementor-section elementor-inner-section elementor-element elementor-element-dae0a3a elementor-section-boxed elementor-section-height-default elementor-section-height-default\" data-id=\"dae0a3a\" data-element_type=\"section\" data-settings=\"{\">\n<div class=\"elementor-container elementor-column-gap-default\">\n<div class=\"elementor-row\">\n<div class=\"elementor-column elementor-col-100 elementor-inner-column elementor-element elementor-element-0632ce1\" data-id=\"0632ce1\" data-element_type=\"column\">\n<div class=\"elementor-column-wrap elementor-element-populated\">\n<div class=\"elementor-widget-wrap\">\n<div class=\"elementor-element elementor-element-c7458fd elementor-widget elementor-widget-text-editor\" data-id=\"c7458fd\" data-element_type=\"widget\" data-widget_type=\"text-editor.default\">\n<div class=\"elementor-widget-container\">\n<div class=\"elementor-text-editor elementor-clearfix\">\n<p>H\u00f6he 150 mm hoch sein. Platz f\u00fcr die Montage erforderlicher Betriebsmittel des Netzbetreibers (z. B. Smart Meter, I\/O Box). RfZ darf nicht eigene Schaltger\u00e4te genutzt werden. Ohne RfZ k\u00f6nnen potentielle Betriebsmittel des NB k\u00f6nnen dann im Verteilfeld\u00a0verbaut werden.<\/p>\n<p>NAR oder UAR \u00a0Netzseitiger bzw. unterer Anschlussraum<\/p>\n<\/div>\n<div>\n<p>Hauptleitung von unten in den ZS eingef\u00fchren, Ein Fall.5-poliges Sammelschienensystem und Gesamth\u00f6he von 300 mm muss gegeben sein. Als Trennvorrichtung \u00a0ist ein SLSSchalter (selektiver Leitungsschutzschalter) einzusetzen.<strong>APZ<\/strong> Abschlusspunkt Z\u00e4hlerplatz<\/p>\n<p>Der zuk\u00fcnftige Platz f\u00fcr Smart\u2010Meter\u2010Gateways das ist die Schnittstelle zwischen Haus\u00fcbergabepunkt (H\u00dcP) und dem Z\u00e4hlerplatz.<\/p>\n<p>APZ i. d. R. min. 300\u00a0mm hoch eine eigene, mit Plombe gesicherte Ber\u00fchrungsschutz\u2010<br \/>\nAbdeckung notwendig. \u00a0Verplombte\u00a0Spannungsversorgung ist aus dem NAR in den APZ zu legen.<\/p>\n<\/div>\n<\/div>\n<\/div>\n<\/div>\n<\/div>\n<\/div>\n<\/div>\n<\/div>\n<\/section>\n<section class=\"elementor-section elementor-inner-section elementor-element elementor-element-c1dcd99 elementor-section-boxed elementor-section-height-default elementor-section-height-default\" data-id=\"c1dcd99\" data-element_type=\"section\" data-settings=\"{\">\n<div class=\"elementor-container elementor-column-gap-default\">\n<div class=\"elementor-row\">\n<div class=\"elementor-column elementor-col-100 elementor-inner-column elementor-element elementor-element-e020ba5\" data-id=\"e020ba5\" data-element_type=\"column\">\n<div class=\"elementor-column-wrap elementor-element-populated\">\n<div class=\"elementor-widget-wrap\">\n<div class=\"elementor-element elementor-element-2aa4947 elementor-widget elementor-widget-heading\" data-id=\"2aa4947\" data-element_type=\"widget\" data-widget_type=\"heading.default\">\n<div class=\"elementor-widget-container\"><strong>Verteilerfeld\u00a0<\/strong><\/div>\n<div>Mindestanforderungen sind 3 Reihen mit je 12 Teilungseinheiten bestehen.<br \/>\nBei Innenanlagen sind Verteilerfelder immer seitlich von Z\u00e4hlerfeldern anzuordnen.<br \/>\nNicht gegeben? Eine Unterverteilung wird ben\u00f6tigt.<\/p>\n<\/div>\n<\/div>\n<h4>Zwingend vorgeschriebene Komponenten f\u00fcr gro\u00dfe Solaranlagen<\/h4>\n<p>35 A SLS Schalter<br \/>\nKombi \u00dcberspannungsableiter<br \/>\nFehlerstromschutzschalter<br \/>\nHauptleitungsschutzschalter<\/p>\n<p>Materialpreis f\u00fcr neuen Z\u00e4hlerschrank ca. 1500,- \u20ac<br \/>\nZuz\u00fcglich Elektriker kosten.<\/p>\n<\/div>\n<\/div>\n<\/div>\n<\/div>\n<\/div>\n<\/section>\n<\/div><\/section><\/div><div class='flex_column av-eccck-7f73789e95097834a90f435a8b73d657 av_one_third  avia-builder-el-2  el_after_av_two_third  el_before_av_textblock  flex_column_div '   ><style type=\"text\/css\" data-created_by=\"avia_inline_auto\" id=\"style-css-av-8txlo-617553521bdcfa03afa7526f35f3f3dd\">\n.avia-image-container.av-8txlo-617553521bdcfa03afa7526f35f3f3dd .av-image-caption-overlay-center{\ncolor:#ffffff;\n}\n<\/style>\n<div  class='avia-image-container av-8txlo-617553521bdcfa03afa7526f35f3f3dd av-styling- avia-align-center  avia-builder-el-3  avia-builder-el-no-sibling '  itemprop=\"image\" itemscope=\"itemscope\" itemtype=\"https:\/\/schema.org\/ImageObject\" ><div class=\"avia-image-container-inner\"><div class=\"avia-image-overlay-wrap\"><img decoding=\"async\" class='wp-image-507 avia-img-lazy-loading-not-507 avia_image' src=\"https:\/\/studiof11.de\/wp-content\/uploads\/2022\/10\/Zaehlerschrank-Foto-Kopie-147x300.jpg\" alt='' title='Z\u00e4hlerschrank Foto Kopie'  height=\"300\" width=\"147\"  itemprop=\"thumbnailUrl\" srcset=\"https:\/\/studiof11.de\/wp-content\/uploads\/2022\/10\/Zaehlerschrank-Foto-Kopie-147x300.jpg 147w, https:\/\/studiof11.de\/wp-content\/uploads\/2022\/10\/Zaehlerschrank-Foto-Kopie-505x1030.jpg 505w, https:\/\/studiof11.de\/wp-content\/uploads\/2022\/10\/Zaehlerschrank-Foto-Kopie-768x1565.jpg 768w, https:\/\/studiof11.de\/wp-content\/uploads\/2022\/10\/Zaehlerschrank-Foto-Kopie-754x1536.jpg 754w, https:\/\/studiof11.de\/wp-content\/uploads\/2022\/10\/Zaehlerschrank-Foto-Kopie-1005x2048.jpg 1005w, https:\/\/studiof11.de\/wp-content\/uploads\/2022\/10\/Zaehlerschrank-Foto-Kopie-736x1500.jpg 736w, https:\/\/studiof11.de\/wp-content\/uploads\/2022\/10\/Zaehlerschrank-Foto-Kopie-346x705.jpg 346w, https:\/\/studiof11.de\/wp-content\/uploads\/2022\/10\/Zaehlerschrank-Foto-Kopie-scaled.jpg 1256w\" sizes=\"(max-width: 147px) 100vw, 147px\" \/><\/div><\/div><\/div><\/div><section  class='av_textblock_section av-av_textblock-9f1d08d208ea38101768ba4096f09dd7'  itemscope=\"itemscope\" itemtype=\"https:\/\/schema.org\/CreativeWork\" ><div class='avia_textblock'  itemprop=\"text\" ><p>Klicke hier, um Ihren eigenen Text einzuf\u00fcgen<\/p>\n<\/div><\/section><\/p>\n<div class='flex_column av-av_one_third-a93934ecd89fbb8a9566d39e89cd3725 av_one_third  avia-builder-el-5  el_after_av_textblock  el_before_av_two_third  first flex_column_div column-top-margin'   ><style type=\"text\/css\" data-created_by=\"avia_inline_auto\" id=\"style-css-av-l9e2owpz-ffea521475073260c873af9a8228db53\">\n.avia-image-container.av-l9e2owpz-ffea521475073260c873af9a8228db53 .av-image-caption-overlay-center{\ncolor:#ffffff;\n}\n<\/style>\n<div  class='avia-image-container av-l9e2owpz-ffea521475073260c873af9a8228db53 av-styling- avia-align-center  avia-builder-el-6  avia-builder-el-no-sibling '  itemprop=\"image\" itemscope=\"itemscope\" itemtype=\"https:\/\/schema.org\/ImageObject\" ><div class=\"avia-image-container-inner\"><div class=\"avia-image-overlay-wrap\"><img decoding=\"async\" class='wp-image-513 avia-img-lazy-loading-not-513 avia_image' src=\"https:\/\/studiof11.de\/wp-content\/uploads\/2022\/10\/Ueberspannungsschutz-Kopie-233x300.jpg\" alt='' title='\u00dcberspannungsschutz Kopie'  height=\"300\" width=\"233\"  itemprop=\"thumbnailUrl\" srcset=\"https:\/\/studiof11.de\/wp-content\/uploads\/2022\/10\/Ueberspannungsschutz-Kopie-233x300.jpg 233w, https:\/\/studiof11.de\/wp-content\/uploads\/2022\/10\/Ueberspannungsschutz-Kopie-801x1030.jpg 801w, https:\/\/studiof11.de\/wp-content\/uploads\/2022\/10\/Ueberspannungsschutz-Kopie-768x987.jpg 768w, https:\/\/studiof11.de\/wp-content\/uploads\/2022\/10\/Ueberspannungsschutz-Kopie-1195x1536.jpg 1195w, https:\/\/studiof11.de\/wp-content\/uploads\/2022\/10\/Ueberspannungsschutz-Kopie-1593x2048.jpg 1593w, https:\/\/studiof11.de\/wp-content\/uploads\/2022\/10\/Ueberspannungsschutz-Kopie-1167x1500.jpg 1167w, https:\/\/studiof11.de\/wp-content\/uploads\/2022\/10\/Ueberspannungsschutz-Kopie-548x705.jpg 548w, https:\/\/studiof11.de\/wp-content\/uploads\/2022\/10\/Ueberspannungsschutz-Kopie.jpg 1927w\" sizes=\"(max-width: 233px) 100vw, 233px\" \/><\/div><\/div><\/div><\/div><div class='flex_column av-av_two_third-d06667205e6186ec8414c6eb7605d406 av_two_third  avia-builder-el-7  el_after_av_one_third  avia-builder-el-last  flex_column_div column-top-margin'   ><section  class='av_textblock_section av-l9e2lzn6-abb74983b9e489624f642cbc619d57dc'  itemscope=\"itemscope\" itemtype=\"https:\/\/schema.org\/CreativeWork\" ><div class='avia_textblock'  itemprop=\"text\" ><h3>PV Generatroranschlusskasten pro String als \u00dcberspannungsschutz.<\/h3>\n<p>Es gibt Sie in Ausf\u00fchrungen f\u00fcr 1-3 MPP Trecker. Kosten ca. 400,- \u20ac f\u00fcr 2 Strings.<\/p>\n<\/div><\/section><\/div><\/p>\n","protected":false},"excerpt":{"rendered":"","protected":false},"author":1,"featured_media":0,"parent":0,"menu_order":0,"comment_status":"closed","ping_status":"closed","template":"","meta":{"footnotes":""},"class_list":["post-500","page","type-page","status-publish","hentry"],"_links":{"self":[{"href":"https:\/\/studiof11.de\/index.php\/wp-json\/wp\/v2\/pages\/500","targetHints":{"allow":["GET"]}}],"collection":[{"href":"https:\/\/studiof11.de\/index.php\/wp-json\/wp\/v2\/pages"}],"about":[{"href":"https:\/\/studiof11.de\/index.php\/wp-json\/wp\/v2\/types\/page"}],"author":[{"embeddable":true,"href":"https:\/\/studiof11.de\/index.php\/wp-json\/wp\/v2\/users\/1"}],"replies":[{"embeddable":true,"href":"https:\/\/studiof11.de\/index.php\/wp-json\/wp\/v2\/comments?post=500"}],"version-history":[{"count":6,"href":"https:\/\/studiof11.de\/index.php\/wp-json\/wp\/v2\/pages\/500\/revisions"}],"predecessor-version":[{"id":514,"href":"https:\/\/studiof11.de\/index.php\/wp-json\/wp\/v2\/pages\/500\/revisions\/514"}],"wp:attachment":[{"href":"https:\/\/studiof11.de\/index.php\/wp-json\/wp\/v2\/media?parent=500"}],"curies":[{"name":"wp","href":"https:\/\/api.w.org\/{rel}","templated":true}]}}