{"id":412,"date":"2022-07-02T08:38:49","date_gmt":"2022-07-02T08:38:49","guid":{"rendered":"https:\/\/studiof11.de\/?page_id=412"},"modified":"2022-07-02T09:41:19","modified_gmt":"2022-07-02T09:41:19","slug":"wegs","status":"publish","type":"page","link":"https:\/\/studiof11.de\/index.php\/wegs\/","title":{"rendered":"WEGs"},"content":{"rendered":"\n<style type=\"text\/css\" data-created_by=\"avia_inline_auto\" id=\"style-css-av-l53n87le-41e15411ce2d0d289a5d650adcf13f63\">\n.avia-image-container.av-l53n87le-41e15411ce2d0d289a5d650adcf13f63 .av-image-caption-overlay-center{\ncolor:#ffffff;\n}\n<\/style>\n<div  class='avia-image-container av-l53n87le-41e15411ce2d0d289a5d650adcf13f63 av-styling- avia-align-center  avia-builder-el-0  el_before_av_two_third  avia-builder-el-first '  itemprop=\"image\" itemscope=\"itemscope\" itemtype=\"https:\/\/schema.org\/ImageObject\" ><div class=\"avia-image-container-inner\"><div class=\"avia-image-overlay-wrap\"><img decoding=\"async\" class='wp-image-433 avia-img-lazy-loading-not-433 avia_image' src=\"https:\/\/studiof11.de\/wp-content\/uploads\/2022\/07\/Naumannsiedlung-Kopie-scaled.jpg\" alt='' title='Naumannsiedlung Kopie'  height=\"973\" width=\"2560\"  itemprop=\"thumbnailUrl\" srcset=\"https:\/\/studiof11.de\/wp-content\/uploads\/2022\/07\/Naumannsiedlung-Kopie-scaled.jpg 2560w, https:\/\/studiof11.de\/wp-content\/uploads\/2022\/07\/Naumannsiedlung-Kopie-300x114.jpg 300w, https:\/\/studiof11.de\/wp-content\/uploads\/2022\/07\/Naumannsiedlung-Kopie-1030x392.jpg 1030w, https:\/\/studiof11.de\/wp-content\/uploads\/2022\/07\/Naumannsiedlung-Kopie-768x292.jpg 768w, https:\/\/studiof11.de\/wp-content\/uploads\/2022\/07\/Naumannsiedlung-Kopie-1536x584.jpg 1536w, https:\/\/studiof11.de\/wp-content\/uploads\/2022\/07\/Naumannsiedlung-Kopie-2048x779.jpg 2048w, https:\/\/studiof11.de\/wp-content\/uploads\/2022\/07\/Naumannsiedlung-Kopie-1500x570.jpg 1500w, https:\/\/studiof11.de\/wp-content\/uploads\/2022\/07\/Naumannsiedlung-Kopie-705x268.jpg 705w, https:\/\/studiof11.de\/wp-content\/uploads\/2022\/07\/Naumannsiedlung-Kopie-845x321.jpg 845w\" sizes=\"(max-width: 2560px) 100vw, 2560px\" \/><\/div><\/div><\/div>\n<div class='flex_column av-dj5cs-baf0fc9aa074a6e87ccdb0064a5ce6d4 av_two_third  avia-builder-el-1  el_after_av_image  el_before_av_one_third  first flex_column_div '   ><section  class='av_textblock_section av-l52524ib-6fc34b456539f44729f037c3fd8ae471'  itemscope=\"itemscope\" itemtype=\"https:\/\/schema.org\/CreativeWork\" ><div class='avia_textblock'  itemprop=\"text\" ><h3>Wohnungseigent\u00fcmergemeinschaften<\/h3>\n<p>Du bist Mitglied einer Wohnungseigent\u00fcmergemeinschaft und m\u00f6chtest von der Sonnenenergie profitieren oder einen gro\u00dfen Beitrag zum Umweltschutz leisten.<\/p>\n<h5>Wie \u00fcberzeugst du deine Miteigent\u00fcmer am besten?<\/h5>\n<ul>\n<li style=\"text-align: left;\">Mieter sparen<\/li>\n<li style=\"text-align: left;\">Eigent\u00fcmer verdienen<\/li>\n<li style=\"text-align: left;\">Eigener \u00d6kostrom<\/li>\n<li style=\"text-align: left;\">Wertsteigerung der Immobilie<\/li>\n<\/ul>\n<\/div><\/section><\/div><div class='flex_column av-2n84-22b1c0278b4390046a6a67511ab37c7f av_one_third  avia-builder-el-3  el_after_av_two_third  avia-builder-el-last  flex_column_div '   ><section  class='av_textblock_section av-l53oddyl-648724ab3e8730cef2cc1c80f30fa015'  itemscope=\"itemscope\" itemtype=\"https:\/\/schema.org\/CreativeWork\" ><div class='avia_textblock'  itemprop=\"text\" ><h5>SolaroffensiveK\u00f6ln.de<\/h5>\n<p>unterst\u00fctzt dich gern auch vor Ort und bei deiner n\u00e4chsten Eigent\u00fcmerversammlung mit einer kurzen Pr\u00e4sentation zu Solarl\u00f6sungen f\u00fcr Ihre WEG.<\/p>\n<p>Melden Sie sich bei uns sobald Sie einen Termin haben und ein Punkt daf\u00fcr auf der Agenda reserviert ist. An Ronald@biallas.de<\/p>\n<\/div><\/section><br \/>\n<section  class='av_textblock_section av-l53naq20-fd17e78ed1f071ec83c49663bbb79bc4'  itemscope=\"itemscope\" itemtype=\"https:\/\/schema.org\/CreativeWork\" ><div class='avia_textblock'  itemprop=\"text\" ><h5>Beispieldienstleister<\/h5>\n<p>Es gibt zahlreiche Unternehmen die sich darauf spezialisiert haben Sie dabei zu unterst\u00fctzen.<\/p>\n<p>Hier ein Link zu <a href=\"https:\/\/www.smartred.de\/mieterstrom\" target=\"_blank\" rel=\"noopener\">smartred.de\u00a0<\/a>einem Unternehmen das dir hilft so ein Projekt erfolgreich umzusetzen.<\/p>\n<\/div><\/section><br \/>\n<div  class='avia-video av-l53nb9p3-5225f43f032377f143d62e2fdbae6d87 avia-video-16-9 av-no-preview-image avia-video-load-always av-lazyload-immediate av-lazyload-video-embed'  itemprop=\"video\" itemtype=\"https:\/\/schema.org\/VideoObject\"  data-original_url='https:\/\/youtu.be\/EgF6NyUTmhw'><script type='text\/html' class='av-video-tmpl'><div class=\"video-wrapped\" style=\"width: 1500px; height: 844px; background-image: url('https:\/\/studiof11.de\/wp-content\/plugins\/video-embed-privacy\/preview\/EgF6NyUTmhw.jpg')\" data-embed-frame=\"&lt;div class=&#039;avia-iframe-wrap&#039;&gt;&lt;iframe title=&quot;smartRED: So einfach kann Mieterstrom sein!&quot; width=&quot;1500&quot; height=&quot;844&quot; src=&quot;https:\/\/www.youtube.com\/embed\/EgF6NyUTmhw?feature=oembed&quot; frameborder=&quot;0&quot; allow=&quot;accelerometer; autoplay; clipboard-write; encrypted-media; gyroscope; picture-in-picture&quot; allowfullscreen&gt;&lt;\/iframe&gt;&lt;\/div&gt;\" data-embed-play=\"Abspielen&lt;div class=&quot;small&quot;&gt;Das Video wird von Youtube eingebettet abespielt. Es gilt die &lt;a href=&quot;https:\/\/www.google.com\/intl\/de\/policies\/privacy\/&quot; target=&quot;_blank&quot;&gt;Datenschutzerkl\u00e4rung von Google&lt;\/a&gt;&lt;\/div&gt;\"><div class=\"video-wrapped-nojs\">Aktivieren Sie JavaScript um das Video zu sehen.<br\/><a href=\"https:\/\/youtu.be\/EgF6NyUTmhw\">https:\/\/youtu.be\/EgF6NyUTmhw<\/a><\/div><\/div><\/script><div class='av-click-to-play-overlay'><div class=\"avia_playpause_icon\"><\/div><\/div><\/div><\/p><\/div><\/p>\n","protected":false},"excerpt":{"rendered":"","protected":false},"author":1,"featured_media":0,"parent":0,"menu_order":0,"comment_status":"closed","ping_status":"closed","template":"","meta":{"footnotes":""},"class_list":["post-412","page","type-page","status-publish","hentry"],"_links":{"self":[{"href":"https:\/\/studiof11.de\/index.php\/wp-json\/wp\/v2\/pages\/412","targetHints":{"allow":["GET"]}}],"collection":[{"href":"https:\/\/studiof11.de\/index.php\/wp-json\/wp\/v2\/pages"}],"about":[{"href":"https:\/\/studiof11.de\/index.php\/wp-json\/wp\/v2\/types\/page"}],"author":[{"embeddable":true,"href":"https:\/\/studiof11.de\/index.php\/wp-json\/wp\/v2\/users\/1"}],"replies":[{"embeddable":true,"href":"https:\/\/studiof11.de\/index.php\/wp-json\/wp\/v2\/comments?post=412"}],"version-history":[{"count":9,"href":"https:\/\/studiof11.de\/index.php\/wp-json\/wp\/v2\/pages\/412\/revisions"}],"predecessor-version":[{"id":437,"href":"https:\/\/studiof11.de\/index.php\/wp-json\/wp\/v2\/pages\/412\/revisions\/437"}],"wp:attachment":[{"href":"https:\/\/studiof11.de\/index.php\/wp-json\/wp\/v2\/media?parent=412"}],"curies":[{"name":"wp","href":"https:\/\/api.w.org\/{rel}","templated":true}]}}