{"id":254,"date":"2022-07-02T10:40:53","date_gmt":"2022-07-02T10:40:53","guid":{"rendered":"https:\/\/studiof11.de\/?page_id=254"},"modified":"2022-10-17T13:02:14","modified_gmt":"2022-10-17T13:02:14","slug":"grosse-pv-anlage","status":"publish","type":"page","link":"https:\/\/studiof11.de\/index.php\/grosse-pv-anlage\/","title":{"rendered":"Gro\u00dfe PV Anlage"},"content":{"rendered":"<div class='flex_column av-l4clqx7n-f7a4cf9744bb960ce9f835e55ebe3815 av_two_third  avia-builder-el-0  avia-builder-el-no-sibling  first flex_column_div '   ><p>\n<style type=\"text\/css\" data-created_by=\"avia_inline_auto\" id=\"style-css-av-l53r7e2k-040d0019187025ea47291ac09d84d570\">\n.avia-image-container.av-l53r7e2k-040d0019187025ea47291ac09d84d570 .av-image-caption-overlay-center{\ncolor:#ffffff;\n}\n<\/style>\n<div  class='avia-image-container av-l53r7e2k-040d0019187025ea47291ac09d84d570 av-styling- avia-align-center  avia-builder-el-1  el_before_av_textblock  avia-builder-el-first '  itemprop=\"image\" itemscope=\"itemscope\" itemtype=\"https:\/\/schema.org\/ImageObject\" ><div class=\"avia-image-container-inner\"><div class=\"avia-image-overlay-wrap\"><img decoding=\"async\" class='wp-image-332 avia-img-lazy-loading-not-332 avia_image' src=\"https:\/\/studiof11.de\/wp-content\/uploads\/2022\/06\/IMG_7168-2-300x225.jpeg\" alt='' title='IMG_7168 2'  height=\"225\" width=\"300\"  itemprop=\"thumbnailUrl\" srcset=\"https:\/\/studiof11.de\/wp-content\/uploads\/2022\/06\/IMG_7168-2-300x225.jpeg 300w, https:\/\/studiof11.de\/wp-content\/uploads\/2022\/06\/IMG_7168-2-1030x773.jpeg 1030w, https:\/\/studiof11.de\/wp-content\/uploads\/2022\/06\/IMG_7168-2-768x576.jpeg 768w, https:\/\/studiof11.de\/wp-content\/uploads\/2022\/06\/IMG_7168-2-1536x1152.jpeg 1536w, https:\/\/studiof11.de\/wp-content\/uploads\/2022\/06\/IMG_7168-2-2048x1536.jpeg 2048w, https:\/\/studiof11.de\/wp-content\/uploads\/2022\/06\/IMG_7168-2-1500x1125.jpeg 1500w, https:\/\/studiof11.de\/wp-content\/uploads\/2022\/06\/IMG_7168-2-705x529.jpeg 705w\" sizes=\"(max-width: 300px) 100vw, 300px\" \/><\/div><\/div><\/div><br \/>\n<section  class='av_textblock_section av-l4cni1ln-a4667fc564242f7f875b5aee44985cc9'  itemscope=\"itemscope\" itemtype=\"https:\/\/schema.org\/CreativeWork\" ><div class='avia_textblock'  itemprop=\"text\" ><h4>Photovoltaik jedes Modul z\u00e4hlt<\/h4>\n<p>Produziere deinen Strom f\u00fcr 0,12 \u20ac \/kWh anstelle von den neuen Strompreisen die zum Teil schon \u00fcber 0,60\u20ac sind. Das mit Festpreisgarantie \u00fcber 25 Jahre.<\/p>\n<p>PV auf dem Dach der Garage, im Garten oder als \u00dcberdachung der Terrasse. Je mehr desto besser! Ausrichtung &#8211; Ost- West oder S\u00fcd. Selbst auf einem Norddach erzielt man noch wirtschaftlichen Ertrag. Solaranlagen produzieren Strom f\u00fcr den Eigenbedarf und zus\u00e4tzlich auch f\u00fcr die Netzeinspeisung. Nutzt man den produziert Strom f\u00fcr das Auto, warmes Wasser oder mit der W\u00e4rmepumpe f\u00fcr die Heizung kann man im optimalen Fall von Februar bis Oktober komplett Autark werden. Unabh\u00e4ngig von den wirren des Marktes.<\/p>\n<p>Im Winter nimmt der Ertrag stark ab \u00a0und dann muss man mit den fossilen Energien substituieren.Die Investition lohnen sich mittel- bis langfristig auch finanziell, vom Nutzen f\u00fcr die Gesellschaft einmal abgesehen.\u00a0So viel wie es geht selber machen, das schont die wertvolle Ressource der Handwerker und spart jede Menge Geld.<\/p>\n<p>Wir helfen Ihnen gerne bei der Planung und Umsetzung.<\/p>\n<h5>Wie viel Ertrag bekomme ich von meinem Dach?<\/h5>\n<p>Schau mal bei der Webseite der Eu und errechne deinen Ertrag f\u00fcr dich.<\/p>\n<p><a href=\"https:\/\/re.jrc.ec.europa.eu\/pvg_tools\/en\/\" target=\"_blank\" rel=\"noopener\">Planungshilfe der EU<\/a><\/p>\n<h5>Wattrechner f\u00fcr Solaranlagen<\/h5>\n<p><a href=\"https:\/\/www.indielux.com\/wattrechner\/\" target=\"_blank\" rel=\"noopener\">Wattrechner<\/a><\/p>\n<h5>Balkonsolar Rechner der HTW Berlin<\/h5>\n<p><a href=\"https:\/\/apps.htw-berlin.de\/stecker-solar-simulator\/\" target=\"_blank\" rel=\"noopener\">Online-Tool \u201eStecker-Solar-Simulator\u201c der HTW Berlin<\/a><\/p>\n<h5>Mit einer Solaranlage kann ich \u2026<\/h5>\n<div class=\"wp-container-2 wp-block-columns\">\n<div class=\"wp-container-1 wp-block-column\">\n<ul>\n<li>&#8230; die Energie der Sonne direkt f\u00fcr meinen Haushalt nutzen<\/li>\n<li>&#8230; CO<sub>2<\/sub> sparen und weniger fossile Energietr\u00e4ger verbrauchen<\/li>\n<li>&#8230; mehr \u00fcber meinen eigenen Stromverbrauch lernen und bewusster werden<\/li>\n<li>&#8230; mich den nachfolgenden Generationen gegen\u00fcber gerecht verhalten<\/li>\n<li>&#8230; meine Energiekosten senken \u2013 vom ersten Tag an.<\/li>\n<li>&#8230; mit helfen die Nachbarn mit Co2 neutralem Strom zu versorgen<\/li>\n<\/ul>\n<\/div>\n<\/div>\n<h5><\/h5>\n<h5><strong>Kosten und Nutzen<\/strong><\/h5>\n<ul>\n<li>ab ca. 4.000 \u20ac f\u00fcr das Solarmodul; Wechselrichter; Kabel; Steckdosen; Befestigungsmaterial.<\/li>\n<li>F\u00f6rderung der Stadt K\u00f6ln von bis zu 250,- Euro pro kWp.<\/li>\n<li>Ertrag ca. 1.000 kWh im Jahr. 360,- \u20ac bei 0,36 \u20ac Strompreis<\/li>\n<li>Strom aus der Sonne gewinnen macht frei, Spa\u00df und steckt andere an.<\/li>\n<\/ul>\n<h5><\/h5>\n<h5>Wichtige Fragen vor der Planung<\/h5>\n<ul>\n<li>Wer sind Sie? \u2013 Mieter*in? Eigent\u00fcmer*in des Hauses?<\/li>\n<li>Eigent\u00fcmer*in als Teil einer WEG?<\/li>\n<li>Welche Fl\u00e4chen sind f\u00fcr PV geeignet?<\/li>\n<li>In welche Himmelsrichtung ist der Balkon ausgerichtet?<\/li>\n<li>SO-S-SW? Wie gro\u00df ist die Sonnenfl\u00e4che?<\/li>\n<li>Gibt es Verschattung?<\/li>\n<li><strong>Kostenlose Planungshilfe online und oder per Telefon.<\/strong><\/li>\n<\/ul>\n<h5><\/h5>\n<h5>Alles klar, dann kann es losgehen!<\/h5>\n<p>Lassen Sie sich beraten. Senden Sie uns Fotos von den geeigneten Fl\u00e4chen mit Ausrichtungsangaben. Dann noch im Keller den Z\u00e4hlerschrank. Alles gro\u00dfz\u00fcgig fotografieren, dann kann man den Aufwand gut absch\u00e4tzen. Wir machen dann einen Telefontermin und sprechen \u00fcber Ihre W\u00fcnsche und Vorstellungen.<br \/>\nAntrag auf F\u00f6rderung von 250,- \u20ac + 50,- \u20ac pro kWp und Dachbegr\u00fcnung auf der Fl\u00e4che beistellen.<\/p>\n<p>Die Umsetzung erfolgt nach dem positiven Bescheid der Stadt K\u00f6ln<\/p>\n<h5>Die Module:<\/h5>\n<ul>\n<li>Leistung? Zwischen 370 und 420 Watt Peak sind ideal f\u00fcr Fl\u00e4chen.<\/li>\n<li>maximal 30 kWp.<\/li>\n<li>Module aus Deutschland sind etwas hochwertiger, was seinen Preis hat.<\/li>\n<li>Module aus Europa haben einen kleineren CO2 Fussabdruck und sind zu bevorzugen.<\/li>\n<li>Achtung f\u00fcr Balkonsolar sind kleinere Formate gefragt. Leider gibt es immer weniger Anbieter die kleinere Module herstellen. Die Ma\u00dfe explodieren mit dem Leistungshunger.<\/li>\n<li>An einem Balkon sind kleinere Module besser geeignet.<\/li>\n<\/ul>\n<h5>Die elektrischen Komponenten:<\/h5>\n<ul>\n<li>Z\u00e4hlerschrank neu oder erweitern.<\/li>\n<li><\/li>\n<\/ul>\n<\/div><\/section><\/p><\/div>\n","protected":false},"excerpt":{"rendered":"","protected":false},"author":1,"featured_media":0,"parent":0,"menu_order":0,"comment_status":"closed","ping_status":"closed","template":"","meta":{"footnotes":""},"class_list":["post-254","page","type-page","status-publish","hentry"],"_links":{"self":[{"href":"https:\/\/studiof11.de\/index.php\/wp-json\/wp\/v2\/pages\/254","targetHints":{"allow":["GET"]}}],"collection":[{"href":"https:\/\/studiof11.de\/index.php\/wp-json\/wp\/v2\/pages"}],"about":[{"href":"https:\/\/studiof11.de\/index.php\/wp-json\/wp\/v2\/types\/page"}],"author":[{"embeddable":true,"href":"https:\/\/studiof11.de\/index.php\/wp-json\/wp\/v2\/users\/1"}],"replies":[{"embeddable":true,"href":"https:\/\/studiof11.de\/index.php\/wp-json\/wp\/v2\/comments?post=254"}],"version-history":[{"count":10,"href":"https:\/\/studiof11.de\/index.php\/wp-json\/wp\/v2\/pages\/254\/revisions"}],"predecessor-version":[{"id":522,"href":"https:\/\/studiof11.de\/index.php\/wp-json\/wp\/v2\/pages\/254\/revisions\/522"}],"wp:attachment":[{"href":"https:\/\/studiof11.de\/index.php\/wp-json\/wp\/v2\/media?parent=254"}],"curies":[{"name":"wp","href":"https:\/\/api.w.org\/{rel}","templated":true}]}}