{"id":194,"date":"2022-06-06T16:35:12","date_gmt":"2022-06-06T16:35:12","guid":{"rendered":"https:\/\/studiof11.de\/?page_id=194"},"modified":"2022-08-03T08:09:30","modified_gmt":"2022-08-03T08:09:30","slug":"foerderantrag","status":"publish","type":"page","link":"https:\/\/studiof11.de\/index.php\/foerderantrag\/","title":{"rendered":"F\u00f6rderantrag"},"content":{"rendered":"<div class='flex_column av-l42tl1x8-04146b8126d48800941fe307b75df9be av_two_third  avia-builder-el-0  el_before_av_one_third  avia-builder-el-first  first flex_column_div '   ><section  class='av_textblock_section av-l42tvpke-ff2b49818978d3e087659c9fd4ed8b41'  itemscope=\"itemscope\" itemtype=\"https:\/\/schema.org\/CreativeWork\" ><div class='avia_textblock'  itemprop=\"text\" ><p>F\u00f6rderantrag Balkonsolar bei der Stadt K\u00f6ln<\/p>\n<p>Einen F\u00f6rderantrag zu stellen bedeutet ca. 1-2 Stunden intensive Besch\u00e4ftigung mit vielen Formularen und Anmeldungen. Um euch die Arbeit zu erleichtern, hier eine erfolgreiche Beispielanmeldung.<\/p>\n<p><strong>Vor dem Kauf<\/strong> und der Inbetriebnahme ist ein Antrag zu stellen!<\/p>\n<ol>\n<li style=\"list-style-type: none;\">\n<ol>\n<li>Sich unter folgender Adresse Anmelden <a href=\"https:\/\/foerdermittel.stadt-koeln.de\/oa?fp=1401001#zonlineapplication-maintain\" target=\"_blank\" rel=\"noopener\">Zum Online-F\u00f6rderportal<\/a><\/li>\n<li>Neuen Antrag stellen und folgende Formulare ausf\u00fcllen:\n<ol>\n<li>Hier ein Beispiel f\u00fcr die drei Formulare in ausgef\u00fcllter Form. \u00a0\u00a0<a href=\"https:\/\/studiof11.de\/wp-content\/uploads\/2022\/06\/Muster_Antrag-Steckersolar2.pdf\" target=\"_blank\" rel=\"noopener\">Musterformulare Steckersolar<\/a><\/li>\n<li>Die folgenden Links kannst du f\u00fcr eine erfolgreiche Anmeldung nutzen:<br \/>\n(nach der Best\u00e4tigung k\u00f6nnen auch andere Module und WE die eine Zulassung haben gekauft werden)<br \/>\nAngebot f\u00fcr eine Balkonanlage<br \/>\n<a href=\"https:\/\/studiof11.de\/wp-content\/uploads\/2022\/08\/Studio-Angebot-2Panels-560-neu.pdf\" target=\"_blank\" rel=\"noopener\">mit zwei Modulen max. 600 W<\/a><br \/>\n<a href=\"https:\/\/studiof11.de\/wp-content\/uploads\/2022\/06\/Studio-Angebot-1-Panel.pdf\" target=\"_blank\" rel=\"noopener\">mit einem Modul max. 300 W<\/a><br \/>\nMuster f\u00fcr ein Wechselrichter Datenblatt<br \/>\nEnvertech <a href=\"https:\/\/studiof11.de\/wp-content\/uploads\/2022\/06\/EVT300Datasheet.pdf\" target=\"_blank\" rel=\"noopener\">EVT 300<\/a> f\u00fcr ein Modul<br \/>\nEnvertech <a href=\"https:\/\/studiof11.de\/wp-content\/uploads\/2022\/06\/EVT560Datasheet.pdf\" target=\"_blank\" rel=\"noopener\">EVT 560<\/a> f\u00fcr zwei Module<\/li>\n<li>Muster f\u00fcr ein Solarmodul- Datenblatt<br \/>\nAleoSolar<a href=\"https:\/\/studiof11.de\/wp-content\/uploads\/2022\/06\/X83_325-333W_DE_web.pdf\" target=\"_blank\" rel=\"noopener\"> 325 Black Premium<\/a><\/li>\n<li>Bildschirmfotos der Anmeldemaske im F\u00f6rderportal<br \/>\n<a href=\"https:\/\/studiof11.de\/wp-content\/uploads\/2022\/06\/Anrtag-im-Portal-ausfuellen.pdf\" target=\"_blank\" rel=\"noopener\">OnlineF\u00f6rderportal Doku<\/a><\/li>\n<li>Ausf\u00fcllen, Hochladen und Absenden.<\/li>\n<\/ol>\n<\/li>\n<li>Jetzt m\u00fcssen Sie mit der Bestellung warten bis Sie die R\u00fcckmeldung der Stadt K\u00f6ln erhalten haben. Dann kann es weitergehen!<\/li>\n<li>So sieht dann <a href=\"https:\/\/studiof11.de\/wp-content\/uploads\/2022\/06\/Bewilligung.png\" target=\"_blank\" rel=\"noopener\">die R\u00fcckmeldung<\/a> der Stadt K\u00f6ln aus!<br \/>\nAchtung am n\u00e4chsten Tag nach dem Zugang der Best\u00e4tigung kann bestellt und aufgebaut werden!<\/p>\n<p>Mehr Infos sobald es weitergeht.<\/li>\n<li>Anmelden beim Netzbetreiber (z.B. DGS), Sicherheitsstandard ausf\u00fcllen und als K\u00f6lner*in an die Rheinische Netzgesellschaft schicken. (<a href=\"https:\/\/www.pvplug.de\/wp-content\/uploads\/2019\/04\/DGS_Anmeldeformular_Steckdosen-Solarmodul.pdf\" target=\"_blank\" rel=\"noopener\">Musterbrief DGS<\/a>)<\/li>\n<li>Installation<\/li>\n<li>Ggf. erfolgt ein Wechsel des Stromz\u00e4hlers durch den Netzbetreiber (nach der Anmeldung ist das kostenlos)<\/li>\n<li>Onlineanmeldung im <a href=\"https:\/\/www.marktstammdatenregister.de\/MaStR\/Assistent\/RegistrierungsAssistentInfo?typ=1394\" target=\"_blank\" rel=\"noopener\">Marktammdatenregister<\/a> der Bundesnetzagentur.<\/li>\n<\/ol>\n<\/li>\n<\/ol>\n<\/div><\/section><\/div><div class='flex_column av-77hyy-bad6ff2a45596f65cee3d09f855da736 av_one_third  avia-builder-el-2  el_after_av_two_third  avia-builder-el-last  flex_column_div '   ><style type=\"text\/css\" data-created_by=\"avia_inline_auto\" id=\"style-css-av-l4ead5t4-c8a473048ba0dfaaf51cc4a7b7e0f0b2\">\n.avia-image-container.av-l4ead5t4-c8a473048ba0dfaaf51cc4a7b7e0f0b2 .av-image-caption-overlay-center{\ncolor:#ffffff;\n}\n<\/style>\n<div  class='avia-image-container av-l4ead5t4-c8a473048ba0dfaaf51cc4a7b7e0f0b2 av-styling- avia-align-center  avia-builder-el-3  avia-builder-el-no-sibling '  itemprop=\"image\" itemscope=\"itemscope\" itemtype=\"https:\/\/schema.org\/ImageObject\" ><div class=\"avia-image-container-inner\"><div class=\"avia-image-overlay-wrap\"><img decoding=\"async\" class='wp-image-258 avia-img-lazy-loading-not-258 avia_image' src=\"https:\/\/studiof11.de\/wp-content\/uploads\/2022\/06\/Antrag-PV-Stadt-klein-773x1030.jpg\" alt='' title='Antrag PV Stadt klein'  height=\"1030\" width=\"773\"  itemprop=\"thumbnailUrl\" srcset=\"https:\/\/studiof11.de\/wp-content\/uploads\/2022\/06\/Antrag-PV-Stadt-klein-773x1030.jpg 773w, https:\/\/studiof11.de\/wp-content\/uploads\/2022\/06\/Antrag-PV-Stadt-klein-225x300.jpg 225w, https:\/\/studiof11.de\/wp-content\/uploads\/2022\/06\/Antrag-PV-Stadt-klein-768x1024.jpg 768w, https:\/\/studiof11.de\/wp-content\/uploads\/2022\/06\/Antrag-PV-Stadt-klein-1152x1536.jpg 1152w, https:\/\/studiof11.de\/wp-content\/uploads\/2022\/06\/Antrag-PV-Stadt-klein-1536x2048.jpg 1536w, https:\/\/studiof11.de\/wp-content\/uploads\/2022\/06\/Antrag-PV-Stadt-klein-1125x1500.jpg 1125w, https:\/\/studiof11.de\/wp-content\/uploads\/2022\/06\/Antrag-PV-Stadt-klein-529x705.jpg 529w, https:\/\/studiof11.de\/wp-content\/uploads\/2022\/06\/Antrag-PV-Stadt-klein-scaled.jpg 1920w\" sizes=\"(max-width: 773px) 100vw, 773px\" \/><\/div><\/div><\/div><\/div><\/p>\n","protected":false},"excerpt":{"rendered":"","protected":false},"author":1,"featured_media":0,"parent":0,"menu_order":0,"comment_status":"closed","ping_status":"closed","template":"","meta":{"footnotes":""},"class_list":["post-194","page","type-page","status-publish","hentry"],"_links":{"self":[{"href":"https:\/\/studiof11.de\/index.php\/wp-json\/wp\/v2\/pages\/194","targetHints":{"allow":["GET"]}}],"collection":[{"href":"https:\/\/studiof11.de\/index.php\/wp-json\/wp\/v2\/pages"}],"about":[{"href":"https:\/\/studiof11.de\/index.php\/wp-json\/wp\/v2\/types\/page"}],"author":[{"embeddable":true,"href":"https:\/\/studiof11.de\/index.php\/wp-json\/wp\/v2\/users\/1"}],"replies":[{"embeddable":true,"href":"https:\/\/studiof11.de\/index.php\/wp-json\/wp\/v2\/comments?post=194"}],"version-history":[{"count":27,"href":"https:\/\/studiof11.de\/index.php\/wp-json\/wp\/v2\/pages\/194\/revisions"}],"predecessor-version":[{"id":448,"href":"https:\/\/studiof11.de\/index.php\/wp-json\/wp\/v2\/pages\/194\/revisions\/448"}],"wp:attachment":[{"href":"https:\/\/studiof11.de\/index.php\/wp-json\/wp\/v2\/media?parent=194"}],"curies":[{"name":"wp","href":"https:\/\/api.w.org\/{rel}","templated":true}]}}