{"id":153,"date":"2022-06-04T19:11:27","date_gmt":"2022-06-04T19:11:27","guid":{"rendered":"https:\/\/studiof11.de\/?page_id=153"},"modified":"2022-10-29T19:04:03","modified_gmt":"2022-10-29T19:04:03","slug":"balkonkraftwerk","status":"publish","type":"page","link":"https:\/\/studiof11.de\/index.php\/balkonkraftwerk\/","title":{"rendered":"Balkonkraftwerk"},"content":{"rendered":"<div class='flex_column av-gz2kp-999f3ac159658a6d535d3d881bfdf8b4 av_two_third  avia-builder-el-0  el_before_av_one_third  avia-builder-el-first  first flex_column_div '   ><p>\n<style type=\"text\/css\" data-created_by=\"avia_inline_auto\" id=\"style-css-av-l408ydzk-42c7cbb95ad44b34cbfb29358825df22\">\n.avia-image-container.av-l408ydzk-42c7cbb95ad44b34cbfb29358825df22 .av-image-caption-overlay-center{\ncolor:#ffffff;\n}\n<\/style>\n<div  class='avia-image-container av-l408ydzk-42c7cbb95ad44b34cbfb29358825df22 av-styling- avia_animated_image avia_animate_when_almost_visible fade-in avia-align-center  avia-builder-el-1  el_before_av_textblock  avia-builder-el-first '  itemprop=\"image\" itemscope=\"itemscope\" itemtype=\"https:\/\/schema.org\/ImageObject\" ><div class=\"avia-image-container-inner\"><div class=\"avia-image-overlay-wrap\"><img decoding=\"async\" class='wp-image-269 avia-img-lazy-loading-not-269 avia_image' src=\"https:\/\/studiof11.de\/wp-content\/uploads\/2022\/06\/2-Module-QuerWebs-.jpg\" alt='' title='2 Module QuerWebs'  height=\"547\" width=\"1024\"  itemprop=\"thumbnailUrl\" srcset=\"https:\/\/studiof11.de\/wp-content\/uploads\/2022\/06\/2-Module-QuerWebs-.jpg 1024w, https:\/\/studiof11.de\/wp-content\/uploads\/2022\/06\/2-Module-QuerWebs--300x160.jpg 300w, https:\/\/studiof11.de\/wp-content\/uploads\/2022\/06\/2-Module-QuerWebs--768x410.jpg 768w, https:\/\/studiof11.de\/wp-content\/uploads\/2022\/06\/2-Module-QuerWebs--705x377.jpg 705w\" sizes=\"(max-width: 1024px) 100vw, 1024px\" \/><\/div><\/div><\/div><br \/>\n<section  class='av_textblock_section av-l408aixt-9bac1d5dde7d753386980c2ebdfb8f5e'  itemscope=\"itemscope\" itemtype=\"https:\/\/schema.org\/CreativeWork\" ><div class='avia_textblock'  itemprop=\"text\" ><h4>Balkonkraftwerk \/ Steckersolar<\/h4>\n<p>Auf dem Balkon oder der Terrasse k\u00f6nnen Sie selbst Solarstrom erzeugen und diesen im Haushalt verbrauchen. Diese Stecker-Solarger\u00e4te produzieren Strom f\u00fcr den Eigenbedarf, sind aber nicht f\u00fcr die Netzeinspeisung gedacht. Deswegen gibt es, falls dennoch Strom in das Verteilernetz eingespeist wird, auch keine Verg\u00fctung. Trotzdem lohnen sich mittel- bis langfristig Steckersolaranlagen auch finanziell, vom Nutzen f\u00fcr die Gesellschaft einmal abgesehen. Und lassen Sie sich nicht irritieren, die Ger\u00e4te sind sicher. Einige Regeln und Anforderungen sind derzeit noch unn\u00f6tig kompliziert, davon sollten Sie sich aber nicht abschrecken lassen und wir helfen Ihnen gerne!<\/p>\n<h5>Mit Steckersolar kann ich \u2026<\/h5>\n<div class=\"wp-container-2 wp-block-columns\">\n<div class=\"wp-container-1 wp-block-column\">\n<ul>\n<li>&#8230; die Energie der Sonne direkt f\u00fcr meinen Haushalt nutzen<\/li>\n<li>&#8230; CO<sub>2<\/sub> sparen und weniger fossile Energietr\u00e4ger verbrauchen<\/li>\n<li>&#8230; mehr \u00fcber meinen eigenen Stromverbrauch lernen und bewusster werden<\/li>\n<li>&#8230; mich den nachfolgenden Generationen gegen\u00fcber gerecht verhalten<\/li>\n<li>&#8230; meine Energiekosten senken \u2013 vom ersten Tag an.<\/li>\n<\/ul>\n<\/div>\n<\/div>\n<h5><\/h5>\n<h5><strong>Kosten und Nutzen<\/strong><\/h5>\n<ul>\n<li>580 bis 1300 \u20ac f\u00fcr das Solarmodul; Wechselrichter; Kabel; Steckdosen; Befestigungsmaterial<\/li>\n<li>Arbeitsaufwand ca. 2 Std. f\u00fcr die Vorbereitung<\/li>\n<li>Montage inklusive Elektromontage ca. 3 Stunden<\/li>\n<li>F\u00f6rderung der Stadt K\u00f6ln bis zu 200,- Euro<\/li>\n<li>Nutzen: ca. 100 &#8211; 170,- \u20ac, \u00a01-2 Modul-e Jahresertrag<br \/>\nNutzen Sie den pers\u00f6nlichen<a href=\"https:\/\/solar.htw-berlin.de\/rechner\/stecker-solar-simulator\/\" target=\"_blank\" rel=\"noopener\"> Balkonsolarrechner<\/a>\u00a0der HTW Berlin<\/li>\n<li>Strom aus der Sonne gewinnen macht frei, Spa\u00df und steckt andere an<\/li>\n<\/ul>\n<h5><\/h5>\n<h5>Wichtige Fragen vor der Planung<\/h5>\n<ul>\n<li>Wer sind Sie? \u2013 Mieter*in? Eigent\u00fcmer*in des Hauses?<\/li>\n<li>Eigent\u00fcmer*in als Teil einer WEG?<\/li>\n<li>Haben Sie einen Balkon oder Terrasse mit einer Au\u00dfensteckdose?<\/li>\n<li>In welche Himmelsrichtung ist der Balkon ausgerichtet?<\/li>\n<li>SO-S-SW? Wie gro\u00df ist die Sonnenfl\u00e4che?<\/li>\n<li>Gibt es Verschattung?<\/li>\n<li><strong>Planungshilfe Online und oder per Telefon oder vor Ort.<br \/>\n0171 95 555 61<\/strong><\/li>\n<\/ul>\n<h5><\/h5>\n<h5>Alles klar, dann kann es losgehen!<\/h5>\n<p>Angebot f\u00fcr eine Balkonsolar \/ Steckersolaranlage einholen.<br \/>\nAntrag auf F\u00f6rderung von 200,- \u20ac bei der Stadt K\u00f6ln stellen.<br \/>\nMehr <a href=\"https:\/\/studiof11.de\/index.php\/foerderantrag\/\" target=\"_blank\" rel=\"noopener\">Infos siehe Link<\/a><\/p>\n<p>Die Umsetzung erfolgt nach dem positiven Bescheid der Stadt K\u00f6ln<\/p>\n<h5>Die Module:<\/h5>\n<ul>\n<li>Leistung? Zwischen 320 und 350 Watt Peak ist ideal f\u00fcr Balkonkraftwerke.<\/li>\n<li>maximal 2 Module sind als Steckersolarsysteme erlaubt.<\/li>\n<li>Module aus Deutschland sind etwas hochwertiger, was seinen Preis hat.<\/li>\n<li>Module aus Europa haben einen kleineren CO2 Fussabdruck und sind zu bevorzugen.<\/li>\n<li>Achtung f\u00fcr Balkonsolar sind kleinere Formate gefragt. Leider gibt es immer weniger<br \/>\nAnbieter die kleinere Module herstellen. Die Ma\u00dfe explodieren mit dem Leistungshunger.<\/li>\n<li>An einem Balkon sind kleinere Module besser geeignet.<\/li>\n<\/ul>\n<h5>Der Wechelrichter:<\/h5>\n<ul>\n<li>Leistung? 300 Watt Pro Modul, entweder zwei Wechselrichter oder einen Wechselrichter mit maximal 600 Watt. So kommt man auf die erlaubten maximalen 600 Watt Leistung.<\/li>\n<li>maximal 2 Wechselrichter sind als Steckersolarsysteme erlaubt.<\/li>\n<li>Mikrowechselrichter aus Deutschland sind sehr gefragt, was seinen Preis hat.<\/li>\n<\/ul>\n<h5>Die Befestigung:<\/h5>\n<ul>\n<li>Befestigungen sind gro\u00dfen Windlasten ausgesetzt und m\u00fcssen daher sicher verschraubt werden.<br \/>\nErlaubt ist was sicher ist und dem aktuellen Stand der Technik entspricht.<\/li>\n<li>Senkrecht aufgeh\u00e4ngte Module sind nicht so aufw\u00e4ndig zu befestigen wie angewinkelte Module.<\/li>\n<li>Wandbefestigung senkrecht, mit Neigungswinkel,\u00a0mit verstellbarem Neigungswinkel<\/li>\n<li>Balkonbefestigungen senkrecht, mit Neigungswinkel und mit verstellbarem Neigungswinkel<\/li>\n<li>Module die H\u00f6her als 4 Meter \u00fcber Grund verbaut werden m\u00fcssen daf\u00fcr Bauartgenemigt sein.<\/li>\n<li>Flachdachbefestigung. Diese Befestigung wird m\u00f6glichst nur aufgelegt, damit keine Durchdringung der Dachhaut notwendig ist. Gegen die Windlast werden die Gestelle mit Betonplatten beschwert.<\/li>\n<\/ul>\n<\/div><\/section><br \/>\n<section  class='av_textblock_section av-l53nmbhl-6db9c6c92ed8804900a5ffb1e1a00f51'  itemscope=\"itemscope\" itemtype=\"https:\/\/schema.org\/CreativeWork\" ><div class='avia_textblock'  itemprop=\"text\" ><h5>Interessantes Video vom SWR \u00fcber Balkonsolar ab Minute 8:15<\/h5>\n<p><a href=\"https:\/\/www.youtube.com\/watch?v=QTK9cmHfE0g\" target=\"_blank\" rel=\"noopener\">https:\/\/www.youtube.com\/watch?v=QTK9cmHfE0g<\/a><\/p>\n<\/div><\/section><\/p><\/div><div class='flex_column av-80tht-d040d21b1fecab41d79bf46602e894b3 av_one_third  avia-builder-el-4  el_after_av_two_third  avia-builder-el-last  flex_column_div '   ><section  class='av_textblock_section av-l408tya3-d1de8e47b6c93954e38011fe6fa4654d'  itemscope=\"itemscope\" itemtype=\"https:\/\/schema.org\/CreativeWork\" ><div class='avia_textblock'  itemprop=\"text\" ><div class=\"page\" title=\"Page 1\">\n<div class=\"layoutArea\">\n<div class=\"column\">\n<ol>\n<li style=\"list-style-type: none;\">\n<h5>Aleo monokristalines Solarmodul<\/h5>\n<div class=\"page\" title=\"Page 1\">\n<div class=\"section\">\n<div class=\"layoutArea\">\n<div class=\"column\">\n<p>als Beispiel: X83 Premium \u00a0325 &#8211; 333 W aus deutscher Produktion<\/p>\n<p>Gr\u00f6\u00dfe 1716 x 1023 x 42 mm<\/p>\n<\/div>\n<\/div>\n<\/div>\n<\/div>\n<\/li>\n<\/ol>\n<\/div>\n<\/div>\n<\/div>\n<\/div><\/section><br \/>\n\n<style type=\"text\/css\" data-created_by=\"avia_inline_auto\" id=\"style-css-av-l4ej3r06-06789a104f3cb323c259fadc4051f90c\">\n.avia-image-container.av-l4ej3r06-06789a104f3cb323c259fadc4051f90c .av-image-caption-overlay-center{\ncolor:#ffffff;\n}\n<\/style>\n<div  class='avia-image-container av-l4ej3r06-06789a104f3cb323c259fadc4051f90c av-styling- avia-align-center  avia-builder-el-6  el_after_av_textblock  el_before_av_textblock '  itemprop=\"image\" itemscope=\"itemscope\" itemtype=\"https:\/\/schema.org\/ImageObject\" ><div class=\"avia-image-container-inner\"><div class=\"avia-image-overlay-wrap\"><img decoding=\"async\" class='wp-image-282 avia-img-lazy-loading-not-282 avia_image' src=\"https:\/\/studiof11.de\/wp-content\/uploads\/2022\/06\/Aleo-Module-884x1500.jpg\" alt='' title='Aleo Module'  height=\"1500\" width=\"884\"  itemprop=\"thumbnailUrl\" srcset=\"https:\/\/studiof11.de\/wp-content\/uploads\/2022\/06\/Aleo-Module-884x1500.jpg 884w, https:\/\/studiof11.de\/wp-content\/uploads\/2022\/06\/Aleo-Module-177x300.jpg 177w, https:\/\/studiof11.de\/wp-content\/uploads\/2022\/06\/Aleo-Module-607x1030.jpg 607w, https:\/\/studiof11.de\/wp-content\/uploads\/2022\/06\/Aleo-Module-768x1303.jpg 768w, https:\/\/studiof11.de\/wp-content\/uploads\/2022\/06\/Aleo-Module-905x1536.jpg 905w, https:\/\/studiof11.de\/wp-content\/uploads\/2022\/06\/Aleo-Module-415x705.jpg 415w, https:\/\/studiof11.de\/wp-content\/uploads\/2022\/06\/Aleo-Module.jpg 1168w\" sizes=\"(max-width: 884px) 100vw, 884px\" \/><\/div><\/div><\/div><br \/>\n<section  class='av_textblock_section av-l4ekh8rf-b2c8871ada2b8968a36a7ca6659241b0'  itemscope=\"itemscope\" itemtype=\"https:\/\/schema.org\/CreativeWork\" ><div class='avia_textblock'  itemprop=\"text\" ><h5>Envertech<\/h5>\n<p>Beispiel eines zugelassenen Wechselrichters mit 300W maximaler Ausgangsleistung.<br \/>\nDavon ist die Nutzung von zwei St\u00fcck DEG konform.<\/p>\n<\/div><\/section><br \/>\n\n<style type=\"text\/css\" data-created_by=\"avia_inline_auto\" id=\"style-css-av-l4ekhw1i-7bcd47772d308ebd40ef52364277f8af\">\n.avia-image-container.av-l4ekhw1i-7bcd47772d308ebd40ef52364277f8af .av-image-caption-overlay-center{\ncolor:#ffffff;\n}\n<\/style>\n<div  class='avia-image-container av-l4ekhw1i-7bcd47772d308ebd40ef52364277f8af av-styling- avia-align-center  avia-builder-el-8  el_after_av_textblock  el_before_av_textblock '  itemprop=\"image\" itemscope=\"itemscope\" itemtype=\"https:\/\/schema.org\/ImageObject\" ><div class=\"avia-image-container-inner\"><div class=\"avia-image-overlay-wrap\"><img decoding=\"async\" class='wp-image-285 avia-img-lazy-loading-not-285 avia_image' src=\"https:\/\/studiof11.de\/wp-content\/uploads\/2022\/06\/envertech-web.jpg\" alt='' title='envertech web'  height=\"678\" width=\"972\"  itemprop=\"thumbnailUrl\" srcset=\"https:\/\/studiof11.de\/wp-content\/uploads\/2022\/06\/envertech-web.jpg 972w, https:\/\/studiof11.de\/wp-content\/uploads\/2022\/06\/envertech-web-300x209.jpg 300w, https:\/\/studiof11.de\/wp-content\/uploads\/2022\/06\/envertech-web-768x536.jpg 768w, https:\/\/studiof11.de\/wp-content\/uploads\/2022\/06\/envertech-web-705x492.jpg 705w\" sizes=\"(max-width: 972px) 100vw, 972px\" \/><\/div><\/div><\/div><br \/>\n<section  class='av_textblock_section av-l4ekkaez-8624d205173932ed7896c66f8a16f6b5'  itemscope=\"itemscope\" itemtype=\"https:\/\/schema.org\/CreativeWork\" ><div class='avia_textblock'  itemprop=\"text\" ><h5>Befestigungssystem Solar11<\/h5>\n<p>Hochwertige Aluminiumprofile (farbig) mit Schellen und Zubeh\u00f6r f\u00fcr sichere Befestigung an einem Balkongel\u00e4nder.<br \/>\nDas Modul und der Wechselrichter dienen als Anwendungsbeispiel.<\/p>\n<p>Die Befestigungen sind auch in aufgest\u00e4nderter Form zu erwerben. Der Anstellwinkel l\u00e4sst sich individuell anpassen.<\/p>\n<\/div><\/section><br \/>\n\n<style type=\"text\/css\" data-created_by=\"avia_inline_auto\" id=\"style-css-av-emvpl-1de58bd720e42b45265dc4cd4f28e1d2\">\n.avia-image-container.av-emvpl-1de58bd720e42b45265dc4cd4f28e1d2 .av-image-caption-overlay-center{\ncolor:#ffffff;\n}\n<\/style>\n<div  class='avia-image-container av-emvpl-1de58bd720e42b45265dc4cd4f28e1d2 av-styling- avia-align-center  avia-builder-el-10  el_after_av_textblock  avia-builder-el-last '  itemprop=\"image\" itemscope=\"itemscope\" itemtype=\"https:\/\/schema.org\/ImageObject\" ><div class=\"avia-image-container-inner\"><div class=\"avia-image-overlay-wrap\"><img decoding=\"async\" class='wp-image-289 avia-img-lazy-loading-not-289 avia_image' src=\"https:\/\/studiof11.de\/wp-content\/uploads\/2022\/06\/Solarbefestigung-Bakon-scaled.jpg\" alt='' title='Solarbefestigung Bakon'  height=\"1736\" width=\"2560\"  itemprop=\"thumbnailUrl\" srcset=\"https:\/\/studiof11.de\/wp-content\/uploads\/2022\/06\/Solarbefestigung-Bakon-scaled.jpg 2560w, https:\/\/studiof11.de\/wp-content\/uploads\/2022\/06\/Solarbefestigung-Bakon-300x203.jpg 300w, https:\/\/studiof11.de\/wp-content\/uploads\/2022\/06\/Solarbefestigung-Bakon-1030x698.jpg 1030w, https:\/\/studiof11.de\/wp-content\/uploads\/2022\/06\/Solarbefestigung-Bakon-768x521.jpg 768w, https:\/\/studiof11.de\/wp-content\/uploads\/2022\/06\/Solarbefestigung-Bakon-1536x1042.jpg 1536w, https:\/\/studiof11.de\/wp-content\/uploads\/2022\/06\/Solarbefestigung-Bakon-2048x1389.jpg 2048w, https:\/\/studiof11.de\/wp-content\/uploads\/2022\/06\/Solarbefestigung-Bakon-1500x1017.jpg 1500w, https:\/\/studiof11.de\/wp-content\/uploads\/2022\/06\/Solarbefestigung-Bakon-705x478.jpg 705w\" sizes=\"(max-width: 2560px) 100vw, 2560px\" \/><\/div><\/div><\/div><\/p><\/div><\/p>\n","protected":false},"excerpt":{"rendered":"","protected":false},"author":1,"featured_media":0,"parent":0,"menu_order":0,"comment_status":"closed","ping_status":"closed","template":"","meta":{"footnotes":""},"class_list":["post-153","page","type-page","status-publish","hentry"],"_links":{"self":[{"href":"https:\/\/studiof11.de\/index.php\/wp-json\/wp\/v2\/pages\/153","targetHints":{"allow":["GET"]}}],"collection":[{"href":"https:\/\/studiof11.de\/index.php\/wp-json\/wp\/v2\/pages"}],"about":[{"href":"https:\/\/studiof11.de\/index.php\/wp-json\/wp\/v2\/types\/page"}],"author":[{"embeddable":true,"href":"https:\/\/studiof11.de\/index.php\/wp-json\/wp\/v2\/users\/1"}],"replies":[{"embeddable":true,"href":"https:\/\/studiof11.de\/index.php\/wp-json\/wp\/v2\/comments?post=153"}],"version-history":[{"count":32,"href":"https:\/\/studiof11.de\/index.php\/wp-json\/wp\/v2\/pages\/153\/revisions"}],"predecessor-version":[{"id":521,"href":"https:\/\/studiof11.de\/index.php\/wp-json\/wp\/v2\/pages\/153\/revisions\/521"}],"wp:attachment":[{"href":"https:\/\/studiof11.de\/index.php\/wp-json\/wp\/v2\/media?parent=153"}],"curies":[{"name":"wp","href":"https:\/\/api.w.org\/{rel}","templated":true}]}}